{"id":21,"date":"2023-08-28T08:40:18","date_gmt":"2023-08-28T06:40:18","guid":{"rendered":"https:\/\/triviso.schwarz-matt-dev.com\/?page_id=21"},"modified":"2026-03-24T08:20:09","modified_gmt":"2026-03-24T07:20:09","slug":"impronta","status":"publish","type":"page","link":"https:\/\/triviso.ch\/it\/rechtliches\/impressum\/","title":{"rendered":"Impronta"},"content":{"rendered":"<div data-elementor-type=\"wp-page\" data-elementor-id=\"21\" class=\"elementor elementor-21\" data-elementor-post-type=\"page\">\n\t\t\t\t<div class=\"elementor-element elementor-element-61ca9cf wrapper e-flex e-con-boxed e-con e-parent\" data-id=\"61ca9cf\" data-element_type=\"container\" data-e-type=\"container\">\n\t\t\t\t\t<div class=\"e-con-inner\">\n\t\t\t\t<div class=\"elementor-element elementor-element-f450972 elementor-widget elementor-widget-heading\" data-id=\"f450972\" data-element_type=\"widget\" data-e-type=\"widget\" data-widget_type=\"heading.default\">\n\t\t\t\t<div class=\"elementor-widget-container\">\n\t\t\t\t\t<h1 class=\"elementor-heading-title elementor-size-default\">Impronta<\/h1>\t\t\t\t<\/div>\n\t\t\t\t<\/div>\n\t\t\t\t<div class=\"elementor-element elementor-element-435e20d elementor-widget elementor-widget-text-editor\" data-id=\"435e20d\" data-element_type=\"widget\" data-e-type=\"widget\" data-widget_type=\"text-editor.default\">\n\t\t\t\t<div class=\"elementor-widget-container\">\n\t\t\t\t\t\t\t\t\t<div class=\"col-xs-12 col-sm-3 col-md-4 c7n-content-tpl\"><h2>Triviso AG<\/h2><p>Via della Stazione Centrale 8<br \/>4500 Soletta<\/p><p><a class=\"c7n-phone\" href=\"https:\/\/triviso.ch\/it\/de-DE\/+41%2032%20628%2020%2080\/\">+41 32 628 20 80<\/a><br \/><a class=\"c7n-email\" href=\"mailto:info@triviso.ch\">info@triviso.ch<\/a>\u00a0<\/p><h3>Direzione<\/h3><p>Stefan Cotting<br \/>Mathieu Fellay<br \/>Patrick Gafner<br \/>Walter Reusser<\/p><h3>Informazioni sull'azienda<\/h3><p>Numero UID CHE-107.476.798\u00a0<\/p><\/div><div class=\"col-xs-12 col-sm-3 col-md-4 c7n-content-tpl\"><h2>Triviso GmbH<\/h2><p>Gerberau 44<br \/>79098 Friburgo<\/p><p><a class=\"c7n-phone\" href=\"tel:+41 32 628 20 80\">+49761 1379 7800<\/a><br \/><a class=\"c7n-email\" href=\"mailto:info@triviso.de\">info@triviso.de<\/a>\u00a0<\/p><h3>Direzione<\/h3><p>Moritz Schneider<\/p><h3>Informazioni sull'azienda<\/h3><p>Registro delle imprese: HRB Friburgo \u2013 717304<br \/>Numero UID DE315940116<\/p><\/div><div class=\"col-xs-12 col-sm-3 col-md-4 c7n-content-tpl\"><h2>Triviso GmbH<\/h2><p>Gilmplatz 2<br \/>39031 Brunico<\/p><p><a class=\"c7n-phone\" href=\"tel:+39 0474 646230\">+39 0474 646230<\/a><br \/><a class=\"c7n-email\" href=\"mailto:info@triviso.it\">info@triviso.it<\/a>\u00a0<\/p><h3>Direzione<\/h3><p>Thomas Klammer<\/p><h3>Informazioni sull'azienda<\/h3><p>Iscritto nel Registro delle Imprese di Bolzano al numero<br \/>Nr. BZ \u2013 231748<\/p><p>C.F. \u2013 Partita IVA: IT03096050210<\/p><p>Capitale sociale 10.000 Euro interamente versato.<\/p><p>Societ\u00e0 con socio unico.<\/p><p>La societ\u00e0 \u00e8 soggetta alla direzione e al coordinamento ai sensi dell'art. 2497 e seguenti del Codice Civile della Triviso AG<\/p><p>PEC:\u00a0<a href=\"mailto:triviso@legalmail.it\">triviso@legalmail.it<\/a><\/p><\/div><div class=\"col-xs-12 col-md-12 c7n-content-tpl\"><h3>Diritto d'autore \u00a9<\/h3><p>Triviso rende disponibili online informazioni provenienti da fonti proprie ed esterne. I contenuti dell'offerta web di Triviso sono protetti da copyright secondo le leggi sul copyright vigenti. L'offerta web di Triviso non pu\u00f2 essere modificata, trasmessa, distribuita, archiviata, copiata o ripubblicata senza l'autorizzazione di Triviso. \u00c8 possibile creare link alla homepage di Triviso.<\/p><h3>Esclusione di responsabilit\u00e0<\/h3><p>Triviso non garantisce le informazioni da essa messe a disposizione su Internet. In nessun caso sar\u00e0 responsabile di perdite o danni che dovessero derivare dall'uso e dalla consultazione del sito web Triviso o da collegamenti con altri siti web. L'esclusione di responsabilit\u00e0 si applica in particolare all'attualit\u00e0, correttezza, validit\u00e0 e disponibilit\u00e0 delle informazioni.<\/p><h3>Informativa sulla privacy<\/h3><p>La trasmissione di dati personali tramite Internet avviene a proprio rischio. I vostri dati saranno trattati da Triviso in modo appropriato e confidenziale. In particolare, non saranno comunicati a terzi. Inoltre, verranno applicati i termini validi\u00a0<a href=\"https:\/\/triviso.ch\/it\/de-ch\/unternehmen\/giuridico\/datenschutz\/\" target=\"_blank\" rel=\"noopener\">Informativa sulla privacy<\/a>\u00a0segnalato.<\/p><\/div>\t\t\t\t\t\t\t\t<\/div>\n\t\t\t\t<\/div>\n\t\t\t\t\t<\/div>\n\t\t\t\t<\/div>\n\t\t\t\t<\/div>","protected":false},"excerpt":{"rendered":"<p>Impressum Triviso AG Hauptbahnhofstrasse 84500 Solothurn +41 32 628 20 80info@triviso.ch\u00a0 Gesch\u00e4ftsf\u00fchrung Stefan CottingMathieu FellayPatrick GafnerWalter Reusser Firmeninformationen UID-Nr. CHE-107.476.798\u00a0 Triviso GmbH Gerberau 4479098 Freiburg +49761 1379 7800info@triviso.de\u00a0 Gesch\u00e4ftsf\u00fchrung Moritz Schneider Firmeninformationen Handelsregister: HRB Freiburg &#8211; 717304UID-Nr. DE315940116 Triviso GmbH Gilmplatz 239031 Bruneck +39 0474 646230info@triviso.it\u00a0 Gesch\u00e4ftsf\u00fchrung Thomas Klammer Firmeninformationen Eingetragen im Handelsregister Bozen unter [&hellip;]<\/p>\n","protected":false},"author":4,"featured_media":0,"parent":4828,"menu_order":0,"comment_status":"closed","ping_status":"closed","template":"elementor_header_footer","meta":{"footnotes":""},"class_list":["post-21","page","type-page","status-publish","hentry"],"_links":{"self":[{"href":"https:\/\/triviso.ch\/it\/wp-json\/wp\/v2\/pages\/21","targetHints":{"allow":["GET"]}}],"collection":[{"href":"https:\/\/triviso.ch\/it\/wp-json\/wp\/v2\/pages"}],"about":[{"href":"https:\/\/triviso.ch\/it\/wp-json\/wp\/v2\/types\/page"}],"author":[{"embeddable":true,"href":"https:\/\/triviso.ch\/it\/wp-json\/wp\/v2\/users\/4"}],"replies":[{"embeddable":true,"href":"https:\/\/triviso.ch\/it\/wp-json\/wp\/v2\/comments?post=21"}],"version-history":[{"count":10,"href":"https:\/\/triviso.ch\/it\/wp-json\/wp\/v2\/pages\/21\/revisions"}],"predecessor-version":[{"id":5582,"href":"https:\/\/triviso.ch\/it\/wp-json\/wp\/v2\/pages\/21\/revisions\/5582"}],"up":[{"embeddable":true,"href":"https:\/\/triviso.ch\/it\/wp-json\/wp\/v2\/pages\/4828"}],"wp:attachment":[{"href":"https:\/\/triviso.ch\/it\/wp-json\/wp\/v2\/media?parent=21"}],"curies":[{"name":"wp","href":"https:\/\/api.w.org\/{rel}","templated":true}]}}