{"id":4952,"date":"2026-03-17T12:44:02","date_gmt":"2026-03-17T11:44:02","guid":{"rendered":"https:\/\/triviso.schwarz-matt-dev.com\/?page_id=4952"},"modified":"2026-03-24T08:20:12","modified_gmt":"2026-03-24T07:20:12","slug":"statut","status":"publish","type":"page","link":"https:\/\/triviso.ch\/fr_ch\/status\/","title":{"rendered":"Statut"},"content":{"rendered":"<div data-elementor-type=\"wp-page\" data-elementor-id=\"4952\" class=\"elementor elementor-4952\" data-elementor-post-type=\"page\">\n\t\t\t\t<div class=\"elementor-element elementor-element-62eee30 wrapper e-flex e-con-boxed e-con e-parent\" data-id=\"62eee30\" data-element_type=\"container\" data-e-type=\"container\">\n\t\t\t\t\t<div class=\"e-con-inner\">\n\t\t\t\t<div class=\"elementor-element elementor-element-9f80195 elementor-widget elementor-widget-heading\" data-id=\"9f80195\" data-element_type=\"widget\" data-e-type=\"widget\" data-widget_type=\"heading.default\">\n\t\t\t\t<div class=\"elementor-widget-container\">\n\t\t\t\t\t<h1 class=\"elementor-heading-title elementor-size-default\">Statut Triviso WEB<\/h1>\t\t\t\t<\/div>\n\t\t\t\t<\/div>\n\t\t<div class=\"elementor-element elementor-element-1bc39d6 e-grid e-con-full e-con e-child\" data-id=\"1bc39d6\" data-element_type=\"container\" data-e-type=\"container\">\n\t\t<div class=\"elementor-element elementor-element-1608c02 e-con-full e-flex e-con e-child\" data-id=\"1608c02\" data-element_type=\"container\" data-e-type=\"container\">\n\t\t\t\t<div class=\"elementor-element elementor-element-9ce0df8 elementor-view-stacked elementor-shape-circle elementor-widget elementor-widget-icon\" data-id=\"9ce0df8\" data-element_type=\"widget\" data-e-type=\"widget\" data-widget_type=\"icon.default\">\n\t\t\t\t<div class=\"elementor-widget-container\">\n\t\t\t\t\t\t\t<div class=\"elementor-icon-wrapper\">\n\t\t\t<div class=\"elementor-icon\">\n\t\t\t<svg xmlns=\"http:\/\/www.w3.org\/2000\/svg\" width=\"20\" height=\"14\" viewbox=\"0 0 20 14\" fill=\"none\"><path d=\"M19.3633 1.7832L9.39746 12.4111L9.39844 12.4121C8.91499 12.9362 8.25615 13.2353 7.5498 13.2354C6.84321 13.2354 6.18241 12.9362 5.69629 12.4092L0 6.39551L1.62305 4.60156L1.99414 4.99414L7.38281 10.6826L7.3877 10.6875C7.48001 10.7876 7.62223 10.7829 7.70605 10.6924L7.70801 10.6904L17.7305 0L19.3633 1.7832Z\" fill=\"black\"><\/path><\/svg>\t\t\t<\/div>\n\t\t<\/div>\n\t\t\t\t\t\t<\/div>\n\t\t\t\t<\/div>\n\t\t\t\t<div class=\"elementor-element elementor-element-d3ee4a0 elementor-widget elementor-widget-heading\" data-id=\"d3ee4a0\" data-element_type=\"widget\" data-e-type=\"widget\" data-widget_type=\"heading.default\">\n\t\t\t\t<div class=\"elementor-widget-container\">\n\t\t\t\t\t<h2 class=\"elementor-heading-title elementor-size-default\">Cluster de test<\/h2>\t\t\t\t<\/div>\n\t\t\t\t<\/div>\n\t\t\t\t<div class=\"elementor-element elementor-element-5101b52 elementor-widget elementor-widget-heading\" data-id=\"5101b52\" data-element_type=\"widget\" data-e-type=\"widget\" data-widget_type=\"heading.default\">\n\t\t\t\t<div class=\"elementor-widget-container\">\n\t\t\t\t\t<span class=\"elementor-heading-title elementor-size-default\">\u00c7a marche \u2013 pas d'interruptions<\/span>\t\t\t\t<\/div>\n\t\t\t\t<\/div>\n\t\t\t\t<\/div>\n\t\t<div class=\"elementor-element elementor-element-7c4f75b e-con-full e-flex e-con e-child\" data-id=\"7c4f75b\" data-element_type=\"container\" data-e-type=\"container\">\n\t\t\t\t<div class=\"elementor-element elementor-element-652a870 elementor-view-stacked elementor-shape-circle elementor-widget elementor-widget-icon\" data-id=\"652a870\" data-element_type=\"widget\" data-e-type=\"widget\" data-widget_type=\"icon.default\">\n\t\t\t\t<div class=\"elementor-widget-container\">\n\t\t\t\t\t\t\t<div class=\"elementor-icon-wrapper\">\n\t\t\t<div class=\"elementor-icon\">\n\t\t\t<svg xmlns=\"http:\/\/www.w3.org\/2000\/svg\" width=\"20\" height=\"14\" viewbox=\"0 0 20 14\" fill=\"none\"><path d=\"M19.3633 1.7832L9.39746 12.4111L9.39844 12.4121C8.91499 12.9362 8.25615 13.2353 7.5498 13.2354C6.84321 13.2354 6.18241 12.9362 5.69629 12.4092L0 6.39551L1.62305 4.60156L1.99414 4.99414L7.38281 10.6826L7.3877 10.6875C7.48001 10.7876 7.62223 10.7829 7.70605 10.6924L7.70801 10.6904L17.7305 0L19.3633 1.7832Z\" fill=\"black\"><\/path><\/svg>\t\t\t<\/div>\n\t\t<\/div>\n\t\t\t\t\t\t<\/div>\n\t\t\t\t<\/div>\n\t\t\t\t<div class=\"elementor-element elementor-element-c7e324c elementor-widget elementor-widget-heading\" data-id=\"c7e324c\" data-element_type=\"widget\" data-e-type=\"widget\" data-widget_type=\"heading.default\">\n\t\t\t\t<div class=\"elementor-widget-container\">\n\t\t\t\t\t<h2 class=\"elementor-heading-title elementor-size-default\">Cluster de produits<\/h2>\t\t\t\t<\/div>\n\t\t\t\t<\/div>\n\t\t\t\t<div class=\"elementor-element elementor-element-2cf5da6 elementor-widget elementor-widget-heading\" data-id=\"2cf5da6\" data-element_type=\"widget\" data-e-type=\"widget\" data-widget_type=\"heading.default\">\n\t\t\t\t<div class=\"elementor-widget-container\">\n\t\t\t\t\t<span class=\"elementor-heading-title elementor-size-default\">\u00c7a marche \u2013 pas d'interruptions<\/span>\t\t\t\t<\/div>\n\t\t\t\t<\/div>\n\t\t\t\t<\/div>\n\t\t<div class=\"elementor-element elementor-element-269addd e-con-full e-flex e-con e-child\" data-id=\"269addd\" data-element_type=\"container\" data-e-type=\"container\">\n\t\t\t\t<div class=\"elementor-element elementor-element-2279c13 elementor-view-stacked elementor-shape-circle elementor-widget elementor-widget-icon\" data-id=\"2279c13\" data-element_type=\"widget\" data-e-type=\"widget\" data-widget_type=\"icon.default\">\n\t\t\t\t<div class=\"elementor-widget-container\">\n\t\t\t\t\t\t\t<div class=\"elementor-icon-wrapper\">\n\t\t\t<div class=\"elementor-icon\">\n\t\t\t<svg xmlns=\"http:\/\/www.w3.org\/2000\/svg\" width=\"4\" height=\"18\" viewbox=\"0 0 4 18\" fill=\"none\"><path d=\"M1.97266 14.4834C2.54923 14.4834 3.03156 14.6514 3.41895 14.9863C3.80623 15.3212 4 15.7437 4 16.2539C3.99998 16.7482 3.80631 17.1632 3.41895 17.498C3.03159 17.8328 2.54915 18 1.97266 18C1.43233 17.9999 0.968332 17.8328 0.581055 17.498C0.19369 17.1632 2.24186e-05 16.7482 0 16.2539C0 15.7596 0.19369 15.3409 0.581055 14.998C0.968366 14.6553 1.43225 14.4835 1.97266 14.4834ZM3.06738 11.374H1.01367L0.729492 0H3.37793L3.06738 11.374Z\" fill=\"black\"><\/path><\/svg>\t\t\t<\/div>\n\t\t<\/div>\n\t\t\t\t\t\t<\/div>\n\t\t\t\t<\/div>\n\t\t\t\t<div class=\"elementor-element elementor-element-d8807fb elementor-widget elementor-widget-heading\" data-id=\"d8807fb\" data-element_type=\"widget\" data-e-type=\"widget\" data-widget_type=\"heading.default\">\n\t\t\t\t<div class=\"elementor-widget-container\">\n\t\t\t\t\t<h2 class=\"elementor-heading-title elementor-size-default\">Fen\u00eatre de maintenance<\/h2>\t\t\t\t<\/div>\n\t\t\t\t<\/div>\n\t\t\t\t<div class=\"elementor-element elementor-element-829cc20 elementor-widget elementor-widget-heading\" data-id=\"829cc20\" data-element_type=\"widget\" data-e-type=\"widget\" data-widget_type=\"heading.default\">\n\t\t\t\t<div class=\"elementor-widget-container\">\n\t\t\t\t\t<span class=\"elementor-heading-title elementor-size-default\">-<\/span>\t\t\t\t<\/div>\n\t\t\t\t<\/div>\n\t\t\t\t<\/div>\n\t\t\t\t<\/div>\n\t\t\t\t\t<\/div>\n\t\t\t\t<\/div>\n\t\t<div class=\"elementor-element elementor-element-8fee3e1 e-con-full e-flex e-con e-parent\" data-id=\"8fee3e1\" data-element_type=\"container\" data-e-type=\"container\">\n\t\t\t\t<div class=\"elementor-element elementor-element-62c8e21 elementor-widget elementor-widget-template\" data-id=\"62c8e21\" data-element_type=\"widget\" data-e-type=\"widget\" data-widget_type=\"template.default\">\n\t\t\t\t<div class=\"elementor-widget-container\">\n\t\t\t\t\t\t\t<div class=\"elementor-template\">\n\t\t\t\t\t<div data-elementor-type=\"container\" data-elementor-id=\"3430\" class=\"elementor elementor-3430\" data-elementor-post-type=\"elementor_library\">\n\t\t\t\t<div class=\"elementor-element elementor-element-30609a75 wrapper e-flex e-con-boxed e-con e-parent\" data-id=\"30609a75\" data-element_type=\"container\" data-e-type=\"container\" data-settings=\"{&quot;background_background&quot;:&quot;classic&quot;}\">\n\t\t\t\t\t<div class=\"e-con-inner\">\n\t\t<div class=\"elementor-element elementor-element-8784638 e-con-full e-flex e-con e-child\" data-id=\"8784638\" data-element_type=\"container\" data-e-type=\"container\">\n\t\t\t\t<div class=\"elementor-element elementor-element-700b6032 elementor-widget elementor-widget-heading\" data-id=\"700b6032\" data-element_type=\"widget\" data-e-type=\"widget\" data-widget_type=\"heading.default\">\n\t\t\t\t<div class=\"elementor-widget-container\">\n\t\t\t\t\t<h2 class=\"elementor-heading-title elementor-size-default\">Des questions ou un rendez-vous ?<\/h2>\t\t\t\t<\/div>\n\t\t\t\t<\/div>\n\t\t\t\t<div class=\"elementor-element elementor-element-595437bb elementor-widget elementor-widget-text-editor\" data-id=\"595437bb\" data-element_type=\"widget\" data-e-type=\"widget\" data-widget_type=\"text-editor.default\">\n\t\t\t\t<div class=\"elementor-widget-container\">\n\t\t\t\t\t\t\t\t\t<p>Contactez-nous simplement ici. Nous appr\u00e9cions votre int\u00e9r\u00eat et vous r\u00e9pondrons rapidement.<\/p>\t\t\t\t\t\t\t\t<\/div>\n\t\t\t\t<\/div>\n\t\t\t\t<div class=\"elementor-element elementor-element-1ad844c0 elementor-icon-list--layout-traditional elementor-list-item-link-full_width elementor-widget elementor-widget-icon-list\" data-id=\"1ad844c0\" data-element_type=\"widget\" data-e-type=\"widget\" data-no-translation=\"\" data-widget_type=\"icon-list.default\">\n\t\t\t\t<div class=\"elementor-widget-container\">\n\t\t\t\t\t<style>.elementor-element-1ad844c0{display:none !important}<\/style>\t\t\t\t<\/div>\n\t\t\t\t<\/div>\n\t\t\t\t<div class=\"elementor-element elementor-element-f964846 elementor-icon-list--layout-traditional elementor-list-item-link-full_width elementor-widget elementor-widget-icon-list\" data-id=\"f964846\" data-element_type=\"widget\" data-e-type=\"widget\" data-no-translation=\"\" data-widget_type=\"icon-list.default\">\n\t\t\t\t<div class=\"elementor-widget-container\">\n\t\t\t\t\t<style>.elementor-element-f964846{display:none !important}<\/style>\t\t\t\t<\/div>\n\t\t\t\t<\/div>\n\t\t\t\t<div class=\"elementor-element elementor-element-08974ff elementor-icon-list--layout-traditional elementor-list-item-link-full_width elementor-widget elementor-widget-icon-list\" data-id=\"08974ff\" data-element_type=\"widget\" data-e-type=\"widget\" data-no-translation=\"\" data-widget_type=\"icon-list.default\">\n\t\t\t\t<div class=\"elementor-widget-container\">\n\t\t\t\t\t<style>.elementor-element-08974ff{display:none !important}<\/style>\t\t\t\t<\/div>\n\t\t\t\t<\/div>\n\t\t\t\t<div class=\"elementor-element elementor-element-a20a06f elementor-icon-list--layout-traditional elementor-list-item-link-full_width elementor-widget elementor-widget-icon-list\" data-id=\"a20a06f\" data-element_type=\"widget\" data-e-type=\"widget\" data-no-translation=\"\" data-widget_type=\"icon-list.default\">\n\t\t\t\t<div class=\"elementor-widget-container\">\n\t\t\t\t\t<style>.elementor-element-a20a06f{display:none !important}<\/style>\t\t\t\t<\/div>\n\t\t\t\t<\/div>\n\t\t\t\t<\/div>\n\t\t<div class=\"elementor-element elementor-element-37ec68a1 e-con-full e-flex e-con e-child\" data-id=\"37ec68a1\" data-element_type=\"container\" data-e-type=\"container\">\n\t\t\t\t<div class=\"elementor-element elementor-element-2c400dd1 elementor-button-align-start btn-primary elementor-widget elementor-widget-form\" data-id=\"2c400dd1\" data-element_type=\"widget\" data-e-type=\"widget\" data-settings=\"{&quot;step_next_label&quot;:&quot;N\\u00e4chster&quot;,&quot;step_previous_label&quot;:&quot;Voriger&quot;,&quot;button_width&quot;:&quot;100&quot;,&quot;step_type&quot;:&quot;number_text&quot;,&quot;step_icon_shape&quot;:&quot;circle&quot;}\" data-no-translation=\"\" data-widget_type=\"form.default\">\n\t\t\t\t<div class=\"elementor-widget-container\">\n\t\t\t\t\t<style>.elementor-element-2c400dd1{display:none !important}<\/style>\t\t\t\t<\/div>\n\t\t\t\t<\/div>\n\t\t\t\t<div class=\"elementor-element elementor-element-a74265f elementor-button-align-start btn-primary elementor-widget elementor-widget-form\" data-id=\"a74265f\" data-element_type=\"widget\" data-e-type=\"widget\" data-settings=\"{&quot;step_next_label&quot;:&quot;N\\u00e4chster&quot;,&quot;step_previous_label&quot;:&quot;Voriger&quot;,&quot;button_width&quot;:&quot;100&quot;,&quot;step_type&quot;:&quot;number_text&quot;,&quot;step_icon_shape&quot;:&quot;circle&quot;}\" data-no-translation=\"\" data-widget_type=\"form.default\">\n\t\t\t\t<div class=\"elementor-widget-container\">\n\t\t\t\t\t<style>.elementor-element-a74265f{display:none !important}<\/style>\t\t\t\t<\/div>\n\t\t\t\t<\/div>\n\t\t\t\t<div class=\"elementor-element elementor-element-a367ad5 elementor-button-align-start btn-primary elementor-widget elementor-widget-form\" data-id=\"a367ad5\" data-element_type=\"widget\" data-e-type=\"widget\" data-settings=\"{&quot;step_next_label&quot;:&quot;N\\u00e4chster&quot;,&quot;step_previous_label&quot;:&quot;Voriger&quot;,&quot;button_width&quot;:&quot;100&quot;,&quot;step_type&quot;:&quot;number_text&quot;,&quot;step_icon_shape&quot;:&quot;circle&quot;}\" data-no-translation=\"\" data-widget_type=\"form.default\">\n\t\t\t\t<div class=\"elementor-widget-container\">\n\t\t\t\t\t<style>.elementor-element-a367ad5{display:none !important}<\/style>\t\t\t\t<\/div>\n\t\t\t\t<\/div>\n\t\t\t\t<div class=\"elementor-element elementor-element-5eb6a02 elementor-button-align-start btn-primary elementor-widget elementor-widget-form\" data-id=\"5eb6a02\" data-element_type=\"widget\" data-e-type=\"widget\" data-settings=\"{&quot;step_next_label&quot;:&quot;N\\u00e4chster&quot;,&quot;step_previous_label&quot;:&quot;Voriger&quot;,&quot;button_width&quot;:&quot;100&quot;,&quot;step_type&quot;:&quot;number_text&quot;,&quot;step_icon_shape&quot;:&quot;circle&quot;}\" data-no-translation=\"\" data-widget_type=\"form.default\">\n\t\t\t\t<div class=\"elementor-widget-container\">\n\t\t\t\t\t<style>.elementor-element-5eb6a02{display:none !important}<\/style>\t\t\t\t<\/div>\n\t\t\t\t<\/div>\n\t\t\t\t<\/div>\n\t\t\t\t\t<\/div>\n\t\t\t\t<\/div>\n\t\t\t\t<\/div>\n\t\t\t\t<\/div>\n\t\t\t\t\t\t<\/div>\n\t\t\t\t<\/div>\n\t\t\t\t<\/div>\n\t\t\t\t<\/div>","protected":false},"excerpt":{"rendered":"<p>Status Triviso WEB Test-Cluster L\u00e4uft \u2013 keine St\u00f6rungen Produktiv-Cluster L\u00e4uft \u2013 keine St\u00f6rungen Wartungsfenster &#8211;<\/p>","protected":false},"author":4,"featured_media":0,"parent":0,"menu_order":0,"comment_status":"closed","ping_status":"closed","template":"elementor_header_footer","meta":{"footnotes":""},"class_list":["post-4952","page","type-page","status-publish","hentry"],"_links":{"self":[{"href":"https:\/\/triviso.ch\/fr_ch\/wp-json\/wp\/v2\/pages\/4952","targetHints":{"allow":["GET"]}}],"collection":[{"href":"https:\/\/triviso.ch\/fr_ch\/wp-json\/wp\/v2\/pages"}],"about":[{"href":"https:\/\/triviso.ch\/fr_ch\/wp-json\/wp\/v2\/types\/page"}],"author":[{"embeddable":true,"href":"https:\/\/triviso.ch\/fr_ch\/wp-json\/wp\/v2\/users\/4"}],"replies":[{"embeddable":true,"href":"https:\/\/triviso.ch\/fr_ch\/wp-json\/wp\/v2\/comments?post=4952"}],"version-history":[{"count":10,"href":"https:\/\/triviso.ch\/fr_ch\/wp-json\/wp\/v2\/pages\/4952\/revisions"}],"predecessor-version":[{"id":5585,"href":"https:\/\/triviso.ch\/fr_ch\/wp-json\/wp\/v2\/pages\/4952\/revisions\/5585"}],"wp:attachment":[{"href":"https:\/\/triviso.ch\/fr_ch\/wp-json\/wp\/v2\/media?parent=4952"}],"curies":[{"name":"wp","href":"https:\/\/api.w.org\/{rel}","templated":true}]}}