{"id":4205,"date":"2026-03-10T13:25:43","date_gmt":"2026-03-10T12:25:43","guid":{"rendered":"https:\/\/triviso.schwarz-matt-dev.com\/?page_id=4205"},"modified":"2026-03-20T17:45:14","modified_gmt":"2026-03-20T16:45:14","slug":"soutien","status":"publish","type":"page","link":"https:\/\/triviso.ch\/fr_ch\/support\/","title":{"rendered":"Soutenir"},"content":{"rendered":"<div data-elementor-type=\"wp-page\" data-elementor-id=\"4205\" class=\"elementor elementor-4205\" data-elementor-post-type=\"page\">\n\t\t\t\t<div class=\"elementor-element elementor-element-64932d7 hero-v1 hero-subpage e-flex e-con-boxed e-con e-parent\" data-id=\"64932d7\" data-element_type=\"container\" data-e-type=\"container\" data-settings=\"{&quot;background_background&quot;:&quot;classic&quot;}\">\n\t\t\t\t\t<div class=\"e-con-inner\">\n\t\t<div class=\"elementor-element elementor-element-6898bec e-con-full e-flex e-con e-child\" data-id=\"6898bec\" data-element_type=\"container\" data-e-type=\"container\">\n\t\t\t\t<div class=\"elementor-element elementor-element-a04c692 elementor-widget__width-initial elementor-widget elementor-widget-heading\" data-id=\"a04c692\" data-element_type=\"widget\" data-e-type=\"widget\" data-widget_type=\"heading.default\">\n\t\t\t\t<div class=\"elementor-widget-container\">\n\t\t\t\t\t<h1 class=\"elementor-heading-title elementor-size-default\">Soutenir<\/h1>\t\t\t\t<\/div>\n\t\t\t\t<\/div>\n\t\t\t\t<div class=\"elementor-element elementor-element-025a402 elementor-widget elementor-widget-text-editor\" data-id=\"025a402\" data-element_type=\"widget\" data-e-type=\"widget\" data-widget_type=\"text-editor.default\">\n\t\t\t\t<div class=\"elementor-widget-container\">\n\t\t\t\t\t\t\t\t\t<p>Que ce soit pour des questions techniques ou l'optimisation de processus, nous vous accompagnons en permanence. Notre ligne d'assistance est compos\u00e9e de chefs de projet exp\u00e9riment\u00e9s.<\/p>\t\t\t\t\t\t\t\t<\/div>\n\t\t\t\t<\/div>\n\t\t\t\t<\/div>\n\t\t<div class=\"elementor-element elementor-element-c60cc04 e-con-full hero-v1-background-v2 e-flex e-con e-child\" data-id=\"c60cc04\" data-element_type=\"container\" data-e-type=\"container\">\n\t\t\t\t<div class=\"elementor-element elementor-element-ea5890d elementor-widget elementor-widget-image\" data-id=\"ea5890d\" data-element_type=\"widget\" data-e-type=\"widget\" data-widget_type=\"image.default\">\n\t\t\t\t<div class=\"elementor-widget-container\">\n\t\t\t\t\t\t\t\t\t\t\t\t\t\t\t<img decoding=\"async\" width=\"2048\" height=\"1710\" src=\"https:\/\/triviso.ch\/wp-content\/uploads\/2026\/03\/support-2048x1710.webp\" class=\"attachment-2048x2048 size-2048x2048 wp-image-5346\" alt=\"\" srcset=\"https:\/\/triviso.ch\/wp-content\/uploads\/2026\/03\/support-2048x1710.webp 2048w, https:\/\/triviso.ch\/wp-content\/uploads\/2026\/03\/support-300x250.webp 300w, https:\/\/triviso.ch\/wp-content\/uploads\/2026\/03\/support-1024x855.webp 1024w, https:\/\/triviso.ch\/wp-content\/uploads\/2026\/03\/support-768x641.webp 768w, https:\/\/triviso.ch\/wp-content\/uploads\/2026\/03\/support-1536x1282.webp 1536w, https:\/\/triviso.ch\/wp-content\/uploads\/2026\/03\/support-14x12.webp 14w\" sizes=\"(max-width: 2048px) 100vw, 2048px\" \/>\t\t\t\t\t\t\t\t\t\t\t\t\t\t\t<\/div>\n\t\t\t\t<\/div>\n\t\t\t\t<\/div>\n\t\t\t\t\t<\/div>\n\t\t\t\t<\/div>\n\t\t<div class=\"elementor-element elementor-element-c04b823 wrapper e-flex e-con-boxed e-con e-parent\" data-id=\"c04b823\" data-element_type=\"container\" data-e-type=\"container\">\n\t\t\t\t\t<div class=\"e-con-inner\">\n\t\t<div class=\"elementor-element elementor-element-6e73322 e-grid e-con-full e-con e-child\" data-id=\"6e73322\" data-element_type=\"container\" data-e-type=\"container\">\n\t\t<div class=\"elementor-element elementor-element-b69f550 e-con-full e-flex e-con e-child\" data-id=\"b69f550\" data-element_type=\"container\" data-e-type=\"container\" data-settings=\"{&quot;background_background&quot;:&quot;classic&quot;}\">\n\t\t\t\t<div class=\"elementor-element elementor-element-e967bb7 elementor-icon-list--layout-traditional elementor-list-item-link-full_width elementor-widget elementor-widget-icon-list\" data-id=\"e967bb7\" data-element_type=\"widget\" data-e-type=\"widget\" data-widget_type=\"icon-list.default\">\n\t\t\t\t<div class=\"elementor-widget-container\">\n\t\t\t\t\t\t\t<ul class=\"elementor-icon-list-items\">\n\t\t\t\t\t\t\t<li class=\"elementor-icon-list-item\">\n\t\t\t\t\t\t\t\t\t\t\t<a href=\"tel:+41%2032%20628%2020%2099\">\n\n\t\t\t\t\t\t\t\t\t\t\t\t<span class=\"elementor-icon-list-icon\">\n\t\t\t\t\t\t\t<svg xmlns=\"http:\/\/www.w3.org\/2000\/svg\" width=\"24\" height=\"24\" viewbox=\"0 0 24 24\" fill=\"none\"><path d=\"M16.7437 0.907715C17.9537 -0.302285 19.9145 -0.302285 21.1245 0.907715L22.1743 1.81787V1.82764C23.3742 3.01753 24.0043 4.57772 24.0044 6.24756C24.0044 13.8776 13.8837 24.0083 6.24365 24.0083C4.5638 24.0082 3.01368 23.3779 1.86377 22.228L0.86377 21.0776C-0.295918 19.9176 -0.296305 17.9575 0.913574 16.7476C0.943574 16.7176 3.354 14.8677 3.354 14.8677C4.544 13.7178 6.44432 13.7178 7.63428 14.8677L9.09424 16.0376C12.294 14.6776 14.564 12.3981 16.0239 9.08838L14.8638 7.62842C13.7238 6.43849 13.724 4.54816 14.8638 3.34814C14.8638 3.34814 16.7117 0.940289 16.7437 0.907715ZM19.7544 2.36768C19.2944 1.90771 18.6239 1.89768 18.1938 2.2876C18.1938 2.2876 16.3571 4.67318 16.3237 4.70752C15.8937 5.13752 15.8937 5.8283 16.3237 6.2583C16.344 6.2786 17.9536 8.29834 17.9536 8.29834C18.1836 8.58834 18.234 8.96834 18.104 9.29834C16.394 13.5682 13.4236 16.5279 9.28369 18.1079C8.95376 18.2378 8.58412 18.1775 8.3042 17.9575C8.28582 17.9428 6.29421 16.3479 6.26416 16.3179C5.84424 15.9079 5.12439 15.9081 4.71436 16.3179C4.68453 16.3477 2.32255 18.1663 2.29443 18.188C1.90443 18.618 1.92447 19.2878 2.33447 19.6978L3.33447 20.8481C4.05438 21.5779 5.10395 21.9975 6.24365 21.9976C12.2337 21.9976 22.0044 13.1978 22.0044 6.23779C22.0043 5.09787 21.5742 4.04779 20.8042 3.27783L19.7544 2.36768Z\" fill=\"black\"><\/path><\/svg>\t\t\t\t\t\t<\/span>\n\t\t\t\t\t\t\t\t\t\t<span class=\"elementor-icon-list-text\">+41 32 628 20 99<\/span>\n\t\t\t\t\t\t\t\t\t\t\t<\/a>\n\t\t\t\t\t\t\t\t\t<\/li>\n\t\t\t\t\t\t<\/ul>\n\t\t\t\t\t\t<\/div>\n\t\t\t\t<\/div>\n\t\t\t\t<div class=\"elementor-element elementor-element-c32f238 elementor-widget elementor-widget-text-editor\" data-id=\"c32f238\" data-element_type=\"widget\" data-e-type=\"widget\" data-widget_type=\"text-editor.default\">\n\t\t\t\t<div class=\"elementor-widget-container\">\n\t\t\t\t\t\t\t\t\t<p>Notre support est joignable comme suit :<br \/><strong>Lundi \u2013 Vendredi : 08h00 \u2013 11h30 | 13h30 \u2013 16h30<\/strong><\/p><p>Aux jours suivants, notre support restera sans r\u00e9ponse :<\/p><ul><li>02 avril 2026<\/li><li>03 septembre 2026<\/li><li>10 d\u00e9cembre 2026<\/li><li>25 d\u00e9cembre 2026<\/li><\/ul><p><br \/>Vous pouvez \u00e9galement envoyer un e-mail \u00e0 notre service d'assistance.<\/p>\t\t\t\t\t\t\t\t<\/div>\n\t\t\t\t<\/div>\n\t\t\t\t<div class=\"elementor-element elementor-element-3e1eaba btn-primary elementor-widget elementor-widget-button\" data-id=\"3e1eaba\" data-element_type=\"widget\" data-e-type=\"widget\" data-widget_type=\"button.default\">\n\t\t\t\t<div class=\"elementor-widget-container\">\n\t\t\t\t\t\t\t\t\t<div class=\"elementor-button-wrapper\">\n\t\t\t\t\t<a class=\"elementor-button elementor-button-link elementor-size-sm\" href=\"mailto:helpline@triviso.de\">\n\t\t\t\t\t\t<span class=\"elementor-button-content-wrapper\">\n\t\t\t\t\t\t\t\t\t<span class=\"elementor-button-text\">Courriel \u00e0 la ligne d'assistance<\/span>\n\t\t\t\t\t<\/span>\n\t\t\t\t\t<\/a>\n\t\t\t\t<\/div>\n\t\t\t\t\t\t\t\t<\/div>\n\t\t\t\t<\/div>\n\t\t\t\t<\/div>\n\t\t<div class=\"elementor-element elementor-element-c7688a6 e-con-full e-flex e-con e-child\" data-id=\"c7688a6\" data-element_type=\"container\" data-e-type=\"container\" data-settings=\"{&quot;background_background&quot;:&quot;classic&quot;}\">\n\t\t\t\t<div class=\"elementor-element elementor-element-71f52ba elementor-widget elementor-widget-heading\" data-id=\"71f52ba\" data-element_type=\"widget\" data-e-type=\"widget\" data-widget_type=\"heading.default\">\n\t\t\t\t<div class=\"elementor-widget-container\">\n\t\t\t\t\t<span class=\"elementor-heading-title elementor-size-default\">Messages d'\u00e9tat<\/span>\t\t\t\t<\/div>\n\t\t\t\t<\/div>\n\t\t\t\t<div class=\"elementor-element elementor-element-20f4665 elementor-widget elementor-widget-text-editor\" data-id=\"20f4665\" data-element_type=\"widget\" data-e-type=\"widget\" data-widget_type=\"text-editor.default\">\n\t\t\t\t<div class=\"elementor-widget-container\">\n\t\t\t\t\t\t\t\t\t<p>Vous trouverez ici les messages de statut actuels, tels que les pannes existantes.<\/p>\t\t\t\t\t\t\t\t<\/div>\n\t\t\t\t<\/div>\n\t\t\t\t<div class=\"elementor-element elementor-element-282b015 btn-primary elementor-widget elementor-widget-button\" data-id=\"282b015\" data-element_type=\"widget\" data-e-type=\"widget\" data-widget_type=\"button.default\">\n\t\t\t\t<div class=\"elementor-widget-container\">\n\t\t\t\t\t\t\t\t\t<div class=\"elementor-button-wrapper\">\n\t\t\t\t\t<a class=\"elementor-button elementor-button-link elementor-size-sm\" href=\"\/fr_ch\/statut\/\">\n\t\t\t\t\t\t<span class=\"elementor-button-content-wrapper\">\n\t\t\t\t\t\t\t\t\t<span class=\"elementor-button-text\">\u00c9tat Triviso Web<\/span>\n\t\t\t\t\t<\/span>\n\t\t\t\t\t<\/a>\n\t\t\t\t<\/div>\n\t\t\t\t\t\t\t\t<\/div>\n\t\t\t\t<\/div>\n\t\t\t\t<\/div>\n\t\t<div class=\"elementor-element elementor-element-8f9e1a0 e-con-full e-flex e-con e-child\" data-id=\"8f9e1a0\" data-element_type=\"container\" data-e-type=\"container\" data-settings=\"{&quot;background_background&quot;:&quot;classic&quot;}\">\n\t\t\t\t<div class=\"elementor-element elementor-element-83d81ae elementor-widget elementor-widget-heading\" data-id=\"83d81ae\" data-element_type=\"widget\" data-e-type=\"widget\" data-widget_type=\"heading.default\">\n\t\t\t\t<div class=\"elementor-widget-container\">\n\t\t\t\t\t<span class=\"elementor-heading-title elementor-size-default\">Maintenance \u00e0 distance<\/span>\t\t\t\t<\/div>\n\t\t\t\t<\/div>\n\t\t\t\t<div class=\"elementor-element elementor-element-573251e elementor-widget elementor-widget-text-editor\" data-id=\"573251e\" data-element_type=\"widget\" data-e-type=\"widget\" data-widget_type=\"text-editor.default\">\n\t\t\t\t<div class=\"elementor-widget-container\">\n\t\t\t\t\t\t\t\t\t<p>Une connexion s\u00e9curis\u00e9e est \u00e9tablie entre votre ordinateur et celui de votre consultant via Internet au moyen du logiciel ci-dessous. Cela nous permet de vous montrer la solution \u00e0 l'\u00e9cran ou de r\u00e9soudre le probl\u00e8me directement nous-m\u00eames.<\/p>\t\t\t\t\t\t\t\t<\/div>\n\t\t\t\t<\/div>\n\t\t\t\t<div class=\"elementor-element elementor-element-e7aa969 btn-primary elementor-widget elementor-widget-button\" data-id=\"e7aa969\" data-element_type=\"widget\" data-e-type=\"widget\" data-widget_type=\"button.default\">\n\t\t\t\t<div class=\"elementor-widget-container\">\n\t\t\t\t\t\t\t\t\t<div class=\"elementor-button-wrapper\">\n\t\t\t\t\t<a class=\"elementor-button elementor-button-link elementor-size-sm\" href=\"https:\/\/get.teamviewer.com\/2kuvzzc\" target=\"_blank\" rel=\"noopener\">\n\t\t\t\t\t\t<span class=\"elementor-button-content-wrapper\">\n\t\t\t\t\t\t\t\t\t<span class=\"elementor-button-text\">T\u00e9l\u00e9charger TeamViewer<\/span>\n\t\t\t\t\t<\/span>\n\t\t\t\t\t<\/a>\n\t\t\t\t<\/div>\n\t\t\t\t\t\t\t\t<\/div>\n\t\t\t\t<\/div>\n\t\t\t\t<\/div>\n\t\t\t\t<\/div>\n\t\t<div class=\"elementor-element elementor-element-860b2e0 e-con-full e-flex e-con e-child\" data-id=\"860b2e0\" data-element_type=\"container\" data-e-type=\"container\">\n\t\t<div class=\"elementor-element elementor-element-8ad2648 e-con-full e-flex e-con e-child\" data-id=\"8ad2648\" data-element_type=\"container\" data-e-type=\"container\">\n\t\t\t\t<div class=\"elementor-element elementor-element-d5f653c elementor-widget elementor-widget-image\" data-id=\"d5f653c\" data-element_type=\"widget\" data-e-type=\"widget\" data-widget_type=\"image.default\">\n\t\t\t\t<div class=\"elementor-widget-container\">\n\t\t\t\t\t\t\t\t\t\t\t\t\t\t\t<img decoding=\"async\" width=\"800\" height=\"522\" src=\"https:\/\/triviso.ch\/wp-content\/uploads\/2026\/03\/triviso-map-1024x668.webp\" class=\"attachment-large size-large wp-image-4654\" alt=\"\" srcset=\"https:\/\/triviso.ch\/wp-content\/uploads\/2026\/03\/triviso-map-1024x668.webp 1024w, https:\/\/triviso.ch\/wp-content\/uploads\/2026\/03\/triviso-map-300x196.webp 300w, https:\/\/triviso.ch\/wp-content\/uploads\/2026\/03\/triviso-map-768x501.webp 768w, https:\/\/triviso.ch\/wp-content\/uploads\/2026\/03\/triviso-map-1536x1002.webp 1536w, https:\/\/triviso.ch\/wp-content\/uploads\/2026\/03\/triviso-map.webp 1680w\" sizes=\"(max-width: 800px) 100vw, 800px\" \/>\t\t\t\t\t\t\t\t\t\t\t\t\t\t\t<\/div>\n\t\t\t\t<\/div>\n\t\t\t\t<\/div>\n\t\t<div class=\"elementor-element elementor-element-488dfc4 e-con-full e-flex e-con e-child\" data-id=\"488dfc4\" data-element_type=\"container\" data-e-type=\"container\">\n\t\t\t\t<div class=\"elementor-element elementor-element-6b70152 elementor-widget elementor-widget-heading\" data-id=\"6b70152\" data-element_type=\"widget\" data-e-type=\"widget\" data-widget_type=\"heading.default\">\n\t\t\t\t<div class=\"elementor-widget-container\">\n\t\t\t\t\t<h2 class=\"elementor-heading-title elementor-size-default\">Triviso sur place<\/h2>\t\t\t\t<\/div>\n\t\t\t\t<\/div>\n\t\t\t\t<div class=\"elementor-element elementor-element-0a5be8c elementor-widget elementor-widget-text-editor\" data-id=\"0a5be8c\" data-element_type=\"widget\" data-e-type=\"widget\" data-widget_type=\"text-editor.default\">\n\t\t\t\t<div class=\"elementor-widget-container\">\n\t\t\t\t\t\t\t\t\t<p>Vous nous trouvez sur six sites au total, dans trois pays. Avec deux succursales en Suisse, trois en Allemagne et une en Italie, nous allions pr\u00e9sence r\u00e9gionale et orientation internationale.<\/p>\t\t\t\t\t\t\t\t<\/div>\n\t\t\t\t<\/div>\n\t\t\t\t<div class=\"elementor-element elementor-element-f908649 btn-secondary-dark elementor-widget elementor-widget-button\" data-id=\"f908649\" data-element_type=\"widget\" data-e-type=\"widget\" data-widget_type=\"button.default\">\n\t\t\t\t<div class=\"elementor-widget-container\">\n\t\t\t\t\t\t\t\t\t<div class=\"elementor-button-wrapper\">\n\t\t\t\t\t<a class=\"elementor-button elementor-button-link elementor-size-sm\" href=\"\/fr_ch\/contact\/\">\n\t\t\t\t\t\t<span class=\"elementor-button-content-wrapper\">\n\t\t\t\t\t\t\t\t\t<span class=\"elementor-button-text\">Vers la page de contact<\/span>\n\t\t\t\t\t<\/span>\n\t\t\t\t\t<\/a>\n\t\t\t\t<\/div>\n\t\t\t\t\t\t\t\t<\/div>\n\t\t\t\t<\/div>\n\t\t\t\t<\/div>\n\t\t\t\t<\/div>\n\t\t\t\t\t<\/div>\n\t\t\t\t<\/div>\n\t\t<div class=\"elementor-element elementor-element-c243ae9 e-con-full e-flex e-con e-parent\" data-id=\"c243ae9\" data-element_type=\"container\" data-e-type=\"container\">\n\t\t\t\t<div class=\"elementor-element elementor-element-41d3e31 elementor-widget elementor-widget-template\" data-id=\"41d3e31\" data-element_type=\"widget\" data-e-type=\"widget\" data-widget_type=\"template.default\">\n\t\t\t\t<div class=\"elementor-widget-container\">\n\t\t\t\t\t\t\t<div class=\"elementor-template\">\n\t\t\t\t\t<div data-elementor-type=\"container\" data-elementor-id=\"3430\" class=\"elementor elementor-3430\" data-elementor-post-type=\"elementor_library\">\n\t\t\t\t<div class=\"elementor-element elementor-element-30609a75 wrapper e-flex e-con-boxed e-con e-parent\" data-id=\"30609a75\" data-element_type=\"container\" data-e-type=\"container\" data-settings=\"{&quot;background_background&quot;:&quot;classic&quot;}\">\n\t\t\t\t\t<div class=\"e-con-inner\">\n\t\t<div class=\"elementor-element elementor-element-8784638 e-con-full e-flex e-con e-child\" data-id=\"8784638\" data-element_type=\"container\" data-e-type=\"container\">\n\t\t\t\t<div class=\"elementor-element elementor-element-700b6032 elementor-widget elementor-widget-heading\" data-id=\"700b6032\" data-element_type=\"widget\" data-e-type=\"widget\" data-widget_type=\"heading.default\">\n\t\t\t\t<div class=\"elementor-widget-container\">\n\t\t\t\t\t<h2 class=\"elementor-heading-title elementor-size-default\">Des questions ou un rendez-vous ?<\/h2>\t\t\t\t<\/div>\n\t\t\t\t<\/div>\n\t\t\t\t<div class=\"elementor-element elementor-element-595437bb elementor-widget elementor-widget-text-editor\" data-id=\"595437bb\" data-element_type=\"widget\" data-e-type=\"widget\" data-widget_type=\"text-editor.default\">\n\t\t\t\t<div class=\"elementor-widget-container\">\n\t\t\t\t\t\t\t\t\t<p>Contactez-nous simplement ici. Nous appr\u00e9cions votre int\u00e9r\u00eat et vous r\u00e9pondrons rapidement.<\/p>\t\t\t\t\t\t\t\t<\/div>\n\t\t\t\t<\/div>\n\t\t\t\t<div class=\"elementor-element elementor-element-1ad844c0 elementor-icon-list--layout-traditional elementor-list-item-link-full_width elementor-widget elementor-widget-icon-list\" data-id=\"1ad844c0\" data-element_type=\"widget\" data-e-type=\"widget\" data-no-translation=\"\" data-widget_type=\"icon-list.default\">\n\t\t\t\t<div class=\"elementor-widget-container\">\n\t\t\t\t\t<style>.elementor-element-1ad844c0{display:none !important}<\/style>\t\t\t\t<\/div>\n\t\t\t\t<\/div>\n\t\t\t\t<div class=\"elementor-element elementor-element-f964846 elementor-icon-list--layout-traditional elementor-list-item-link-full_width elementor-widget elementor-widget-icon-list\" data-id=\"f964846\" data-element_type=\"widget\" data-e-type=\"widget\" data-no-translation=\"\" data-widget_type=\"icon-list.default\">\n\t\t\t\t<div class=\"elementor-widget-container\">\n\t\t\t\t\t<style>.elementor-element-f964846{display:none !important}<\/style>\t\t\t\t<\/div>\n\t\t\t\t<\/div>\n\t\t\t\t<div class=\"elementor-element elementor-element-08974ff elementor-icon-list--layout-traditional elementor-list-item-link-full_width elementor-widget elementor-widget-icon-list\" data-id=\"08974ff\" data-element_type=\"widget\" data-e-type=\"widget\" data-no-translation=\"\" data-widget_type=\"icon-list.default\">\n\t\t\t\t<div class=\"elementor-widget-container\">\n\t\t\t\t\t<style>.elementor-element-08974ff{display:none !important}<\/style>\t\t\t\t<\/div>\n\t\t\t\t<\/div>\n\t\t\t\t<div class=\"elementor-element elementor-element-a20a06f elementor-icon-list--layout-traditional elementor-list-item-link-full_width elementor-widget elementor-widget-icon-list\" data-id=\"a20a06f\" data-element_type=\"widget\" data-e-type=\"widget\" data-no-translation=\"\" data-widget_type=\"icon-list.default\">\n\t\t\t\t<div class=\"elementor-widget-container\">\n\t\t\t\t\t<style>.elementor-element-a20a06f{display:none !important}<\/style>\t\t\t\t<\/div>\n\t\t\t\t<\/div>\n\t\t\t\t<\/div>\n\t\t<div class=\"elementor-element elementor-element-37ec68a1 e-con-full e-flex e-con e-child\" data-id=\"37ec68a1\" data-element_type=\"container\" data-e-type=\"container\">\n\t\t\t\t<div class=\"elementor-element elementor-element-2c400dd1 elementor-button-align-start btn-primary elementor-widget elementor-widget-form\" data-id=\"2c400dd1\" data-element_type=\"widget\" data-e-type=\"widget\" data-settings=\"{&quot;step_next_label&quot;:&quot;N\\u00e4chster&quot;,&quot;step_previous_label&quot;:&quot;Voriger&quot;,&quot;button_width&quot;:&quot;100&quot;,&quot;step_type&quot;:&quot;number_text&quot;,&quot;step_icon_shape&quot;:&quot;circle&quot;}\" data-no-translation=\"\" data-widget_type=\"form.default\">\n\t\t\t\t<div class=\"elementor-widget-container\">\n\t\t\t\t\t<style>.elementor-element-2c400dd1{display:none !important}<\/style>\t\t\t\t<\/div>\n\t\t\t\t<\/div>\n\t\t\t\t<div class=\"elementor-element elementor-element-a74265f elementor-button-align-start btn-primary elementor-widget elementor-widget-form\" data-id=\"a74265f\" data-element_type=\"widget\" data-e-type=\"widget\" data-settings=\"{&quot;step_next_label&quot;:&quot;N\\u00e4chster&quot;,&quot;step_previous_label&quot;:&quot;Voriger&quot;,&quot;button_width&quot;:&quot;100&quot;,&quot;step_type&quot;:&quot;number_text&quot;,&quot;step_icon_shape&quot;:&quot;circle&quot;}\" data-no-translation=\"\" data-widget_type=\"form.default\">\n\t\t\t\t<div class=\"elementor-widget-container\">\n\t\t\t\t\t<style>.elementor-element-a74265f{display:none !important}<\/style>\t\t\t\t<\/div>\n\t\t\t\t<\/div>\n\t\t\t\t<div class=\"elementor-element elementor-element-a367ad5 elementor-button-align-start btn-primary elementor-widget elementor-widget-form\" data-id=\"a367ad5\" data-element_type=\"widget\" data-e-type=\"widget\" data-settings=\"{&quot;step_next_label&quot;:&quot;N\\u00e4chster&quot;,&quot;step_previous_label&quot;:&quot;Voriger&quot;,&quot;button_width&quot;:&quot;100&quot;,&quot;step_type&quot;:&quot;number_text&quot;,&quot;step_icon_shape&quot;:&quot;circle&quot;}\" data-no-translation=\"\" data-widget_type=\"form.default\">\n\t\t\t\t<div class=\"elementor-widget-container\">\n\t\t\t\t\t<style>.elementor-element-a367ad5{display:none !important}<\/style>\t\t\t\t<\/div>\n\t\t\t\t<\/div>\n\t\t\t\t<div class=\"elementor-element elementor-element-5eb6a02 elementor-button-align-start btn-primary elementor-widget elementor-widget-form\" data-id=\"5eb6a02\" data-element_type=\"widget\" data-e-type=\"widget\" data-settings=\"{&quot;step_next_label&quot;:&quot;N\\u00e4chster&quot;,&quot;step_previous_label&quot;:&quot;Voriger&quot;,&quot;button_width&quot;:&quot;100&quot;,&quot;step_type&quot;:&quot;number_text&quot;,&quot;step_icon_shape&quot;:&quot;circle&quot;}\" data-no-translation=\"\" data-widget_type=\"form.default\">\n\t\t\t\t<div class=\"elementor-widget-container\">\n\t\t\t\t\t<style>.elementor-element-5eb6a02{display:none !important}<\/style>\t\t\t\t<\/div>\n\t\t\t\t<\/div>\n\t\t\t\t<\/div>\n\t\t\t\t\t<\/div>\n\t\t\t\t<\/div>\n\t\t\t\t<\/div>\n\t\t\t\t<\/div>\n\t\t\t\t\t\t<\/div>\n\t\t\t\t<\/div>\n\t\t\t\t<\/div>\n\t\t\t\t<\/div>","protected":false},"excerpt":{"rendered":"<p>Support Ob technische Frage oder Prozess-Optimierung \u2013 wir unterst\u00fctzen Sie laufend. Unsere Helpline ist mit erfahrenen Projektleitern besetzt. +41 32 628 20 99 Unser Support ist wie folgt erreichbar:Montag \u2013 Freitag: 08:00 \u2013 11:30 | 13:30 \u2013 16:30 An folgenden Tagen bleibt unser Support unbedient: 02. April 2026 03. September 2026 10. Dezember 2026 25. [&hellip;]<\/p>\n","protected":false},"author":4,"featured_media":0,"parent":0,"menu_order":0,"comment_status":"closed","ping_status":"closed","template":"","meta":{"footnotes":""},"class_list":["post-4205","page","type-page","status-publish","hentry"],"_links":{"self":[{"href":"https:\/\/triviso.ch\/fr_ch\/wp-json\/wp\/v2\/pages\/4205","targetHints":{"allow":["GET"]}}],"collection":[{"href":"https:\/\/triviso.ch\/fr_ch\/wp-json\/wp\/v2\/pages"}],"about":[{"href":"https:\/\/triviso.ch\/fr_ch\/wp-json\/wp\/v2\/types\/page"}],"author":[{"embeddable":true,"href":"https:\/\/triviso.ch\/fr_ch\/wp-json\/wp\/v2\/users\/4"}],"replies":[{"embeddable":true,"href":"https:\/\/triviso.ch\/fr_ch\/wp-json\/wp\/v2\/comments?post=4205"}],"version-history":[{"count":10,"href":"https:\/\/triviso.ch\/fr_ch\/wp-json\/wp\/v2\/pages\/4205\/revisions"}],"predecessor-version":[{"id":5361,"href":"https:\/\/triviso.ch\/fr_ch\/wp-json\/wp\/v2\/pages\/4205\/revisions\/5361"}],"wp:attachment":[{"href":"https:\/\/triviso.ch\/fr_ch\/wp-json\/wp\/v2\/media?parent=4205"}],"curies":[{"name":"wp","href":"https:\/\/api.w.org\/{rel}","templated":true}]}}