{"id":21,"date":"2023-08-28T08:40:18","date_gmt":"2023-08-28T06:40:18","guid":{"rendered":"https:\/\/triviso.schwarz-matt-dev.com\/?page_id=21"},"modified":"2026-03-24T08:20:09","modified_gmt":"2026-03-24T07:20:09","slug":"mentions-legales","status":"publish","type":"page","link":"https:\/\/triviso.ch\/fr_ch\/rechtliches\/impressum\/","title":{"rendered":"Mentions l\u00e9gales"},"content":{"rendered":"<div data-elementor-type=\"wp-page\" data-elementor-id=\"21\" class=\"elementor elementor-21\" data-elementor-post-type=\"page\">\n\t\t\t\t<div class=\"elementor-element elementor-element-61ca9cf wrapper e-flex e-con-boxed e-con e-parent\" data-id=\"61ca9cf\" data-element_type=\"container\" data-e-type=\"container\">\n\t\t\t\t\t<div class=\"e-con-inner\">\n\t\t\t\t<div class=\"elementor-element elementor-element-f450972 elementor-widget elementor-widget-heading\" data-id=\"f450972\" data-element_type=\"widget\" data-e-type=\"widget\" data-widget_type=\"heading.default\">\n\t\t\t\t<div class=\"elementor-widget-container\">\n\t\t\t\t\t<h1 class=\"elementor-heading-title elementor-size-default\">Mentions l\u00e9gales<\/h1>\t\t\t\t<\/div>\n\t\t\t\t<\/div>\n\t\t\t\t<div class=\"elementor-element elementor-element-435e20d elementor-widget elementor-widget-text-editor\" data-id=\"435e20d\" data-element_type=\"widget\" data-e-type=\"widget\" data-widget_type=\"text-editor.default\">\n\t\t\t\t<div class=\"elementor-widget-container\">\n\t\t\t\t\t\t\t\t\t<div class=\"col-xs-12 col-sm-3 col-md-4 c7n-content-tpl\"><h2>Triviso AG<\/h2><p>Hauptbahnhofstrasse 8<br \/>4500 Solothurn<\/p><p><a class=\"c7n-phone\" href=\"https:\/\/triviso.ch\/fr_ch\/de-DE\/+41%2032%20628%2020%2080\/\">+41 32 628 20 80<\/a><br \/><a class=\"c7n-email\" href=\"mailto:info@triviso.ch\">info@triviso.ch<\/a>\u00a0<\/p><h3>Gesch\u00e4ftsf\u00fchrung<\/h3><p>Stefan Cotting<br \/>Mathieu Fellay<br \/>Patrick Gafner<br \/>Walter Reusser<\/p><h3>Firmeninformationen<\/h3><p>UID-Nr. CHE-107.476.798\u00a0<\/p><\/div><div class=\"col-xs-12 col-sm-3 col-md-4 c7n-content-tpl\"><h2>Triviso GmbH<\/h2><p>Gerberau 44<br \/>79098 Freiburg<\/p><p><a class=\"c7n-phone\" href=\"tel:+41 32 628 20 80\">+49761 1379 7800<\/a><br \/><a class=\"c7n-email\" href=\"mailto:info@triviso.de\">info@triviso.de<\/a>\u00a0<\/p><h3>Gesch\u00e4ftsf\u00fchrung<\/h3><p>Moritz Schneider<\/p><h3>Firmeninformationen<\/h3><p>Handelsregister: HRB Freiburg &#8211; 717304<br \/>UID-Nr. DE315940116<\/p><\/div><div class=\"col-xs-12 col-sm-3 col-md-4 c7n-content-tpl\"><h2>Triviso GmbH<\/h2><p>Gilmplatz 2<br \/>39031 Brunico<\/p><p><a class=\"c7n-phone\" href=\"tel:+39 0474 646230\">+39 0474 646230<\/a><br \/><a class=\"c7n-email\" href=\"mailto:info@triviso.it\">info@triviso.it<\/a>\u00a0<\/p><h3>Gesch\u00e4ftsf\u00fchrung<\/h3><p>Thomas Klammer<\/p><h3>Firmeninformationen<\/h3><p>Eingetragen im Handelsregister Bozen unter der<br \/>Nr. BZ &#8211; 231748<\/p><p>C.F. &#8211; P.IVA: IT03096050210<\/p><p>Gesellschaftskapital 10000 Euro vollst\u00e4ndig eingezahlt.<\/p><p>Gesellschaft mit alleinigem Gesellschafter.<\/p><p>Die Gesellschaft unterliegt der Leitung und Koordinierung gem\u00e4\u00df Art. 2497 u. ff. ZGB der Triviso AG<\/p><p>PEC:\u00a0<a href=\"mailto:triviso@legalmail.it\">triviso@legalmail.it<\/a><\/p><\/div><div class=\"col-xs-12 col-md-12 c7n-content-tpl\"><h3>Copyright \u00a9<\/h3><p>Triviso stellt im Internet Informationen aus eigenen und fremden Quellen zur Verf\u00fcgung. Die Inhalte des Web-Angebots von Triviso sind urheberrechtlich gem\u00e4ss den geltenden Urheberrechten gesch\u00fctzt. Das Web-Angebot von Triviso darf ohne Zustimmung von Triviso nicht ver\u00e4ndert, \u00fcbertragen, verbreitet, gespeichert kopiert oder wiederver\u00f6ffentlicht werden. Links zur Triviso-Homepage d\u00fcrfen erstellt werden.<\/p><h3>Haftungsausschluss (&#171;Disclaimer&#187;)<\/h3><p>Triviso bietet keine Gew\u00e4hr f\u00fcr die von ihr im Internet zur Verf\u00fcgung gestellten Informationen. Sie haftet in keinem Fall f\u00fcr Verluste oder Sch\u00e4den, die wegen Benutzung und Abfragen der Triviso-Website oder wegen Verkn\u00fcpfungen mit anderen Websites entstehen k\u00f6nnten. Der Haftungsausschluss gilt insbesondere f\u00fcr die Aktualit\u00e4t, Richtigkeit, G\u00fcltigkeit und Verf\u00fcgbarkeit der Informationen.<\/p><h3>Datenschutz (&#171;Privacy&#187;)<\/h3><p>Die \u00dcbermittlung pers\u00f6nlicher Daten \u00fcber das Internet erfolgt auf eigenes Risiko. Ihre Daten werden von Triviso bestimmungsgem\u00e4ss und vertraulich behandelt. Insbesondere werden sie nicht an Dritte weitergegeben. Im weiteren werden auf die g\u00fcltigen\u00a0<a href=\"https:\/\/triviso.ch\/fr_ch\/de-ch\/unternehmen\/legal\/datenschutz\/\" target=\"_blank\" rel=\"noopener\">Datenschutzbestimmungen<\/a>\u00a0hingewiesen.<\/p><\/div>\t\t\t\t\t\t\t\t<\/div>\n\t\t\t\t<\/div>\n\t\t\t\t\t<\/div>\n\t\t\t\t<\/div>\n\t\t\t\t<\/div>","protected":false},"excerpt":{"rendered":"<p>Impressum Triviso AG Hauptbahnhofstrasse 84500 Solothurn +41 32 628 20 80info@triviso.ch\u00a0 Gesch\u00e4ftsf\u00fchrung Stefan CottingMathieu FellayPatrick GafnerWalter Reusser Firmeninformationen UID-Nr. CHE-107.476.798\u00a0 Triviso GmbH Gerberau 4479098 Freiburg +49761 1379 7800info@triviso.de\u00a0 Gesch\u00e4ftsf\u00fchrung Moritz Schneider Firmeninformationen Handelsregister: HRB Freiburg &#8211; 717304UID-Nr. DE315940116 Triviso GmbH Gilmplatz 239031 Bruneck +39 0474 646230info@triviso.it\u00a0 Gesch\u00e4ftsf\u00fchrung Thomas Klammer Firmeninformationen Eingetragen im Handelsregister Bozen unter [&hellip;]<\/p>\n","protected":false},"author":4,"featured_media":0,"parent":4828,"menu_order":0,"comment_status":"closed","ping_status":"closed","template":"elementor_header_footer","meta":{"footnotes":""},"class_list":["post-21","page","type-page","status-publish","hentry"],"_links":{"self":[{"href":"https:\/\/triviso.ch\/fr_ch\/wp-json\/wp\/v2\/pages\/21","targetHints":{"allow":["GET"]}}],"collection":[{"href":"https:\/\/triviso.ch\/fr_ch\/wp-json\/wp\/v2\/pages"}],"about":[{"href":"https:\/\/triviso.ch\/fr_ch\/wp-json\/wp\/v2\/types\/page"}],"author":[{"embeddable":true,"href":"https:\/\/triviso.ch\/fr_ch\/wp-json\/wp\/v2\/users\/4"}],"replies":[{"embeddable":true,"href":"https:\/\/triviso.ch\/fr_ch\/wp-json\/wp\/v2\/comments?post=21"}],"version-history":[{"count":10,"href":"https:\/\/triviso.ch\/fr_ch\/wp-json\/wp\/v2\/pages\/21\/revisions"}],"predecessor-version":[{"id":5582,"href":"https:\/\/triviso.ch\/fr_ch\/wp-json\/wp\/v2\/pages\/21\/revisions\/5582"}],"up":[{"embeddable":true,"href":"https:\/\/triviso.ch\/fr_ch\/wp-json\/wp\/v2\/pages\/4828"}],"wp:attachment":[{"href":"https:\/\/triviso.ch\/fr_ch\/wp-json\/wp\/v2\/media?parent=21"}],"curies":[{"name":"wp","href":"https:\/\/api.w.org\/{rel}","templated":true}]}}